{"id":7,"date":"2013-10-21T06:15:04","date_gmt":"2013-10-21T06:15:04","guid":{"rendered":"http:\/\/cnc-bohn.de\/?page_id=7"},"modified":"2026-03-25T10:30:08","modified_gmt":"2026-03-25T12:30:08","slug":"maschinenpark","status":"publish","type":"page","link":"https:\/\/cnc-bohn.de\/?page_id=7","title":{"rendered":"Maschinenpark"},"content":{"rendered":"<table style=\"width: 900px;\" border=\"0\">\n<tbody>\n<tr>\n<td style=\"width: 700px; height: 100px;\" colspan=\"3\" valign=\"top\">\n<address style=\"font-family: Arial, Helvetica, sans-serif; font-size: 16px; font-style: normal; color: #000000;\">\u00a0<\/address>\n<div style=\"font-family: Arial, Helvetica, sans-serif; font-size: 16px; font-style: normal; color: #000000;\"><span style=\"font-size: 14pt;\"><strong>Wir fertigen Ihre Bauteile vom Einzelteil bis zur Kleinserie,<\/strong><\/span><\/div>\n<div style=\"font-family: Arial, Helvetica, sans-serif; font-size: 16px; font-style: normal; color: #000000;\"><span style=\"font-size: 14pt;\"><strong>jeweils nach Kundenwunsch bzw. Kundenzeichnung.<\/strong><\/span><\/div>\n<address style=\"font-family: Arial, Helvetica, sans-serif; font-size: 16px; font-style: normal; color: #000000;\"><strong>\u00a0<\/strong>\u00a0<\/address>\n<address style=\"font-family: Arial, Helvetica, sans-serif; font-size: 14px; font-style: normal; color: #000000;\"><span style=\"font-size: 14pt;\">Nachfolgend finden Sie unsere Maschinenparkaufstellung.<\/span><\/address>\n<\/td>\n<\/tr>\n<tr>\n<td style=\"width: 181px;\"><span style=\"font-size: 10pt;\">CNC-Drehzentrum<\/span><\/td>\n<td style=\"width: 153px;\"><span style=\"font-size: 10pt;\">Biglia Y1200<\/span><\/td>\n<td style=\"width: 366px;\"><span style=\"font-size: 10pt;\">4 Achsen \u00d8 400 x 1220 mm, mit angetriebenen Werkzeugen<\/span><\/td>\n<\/tr>\n<tr>\n<td style=\"width: 181px;\"><span style=\"font-size: 10pt;\">CNC-Drehzentrum<\/span><\/td>\n<td style=\"width: 153px;\"><span style=\"font-size: 10pt;\">Biglia B658<\/span><\/td>\n<td style=\"width: 366px;\"><span style=\"font-size: 10pt;\">\u00d8 400 x 650 mm<\/span><\/td>\n<\/tr>\n<tr>\n<td style=\"width: 181px;\"><span style=\"font-size: 10pt;\">CNC-Drehmaschine<\/span><\/td>\n<td style=\"width: 153px;\"><span style=\"font-size: 10pt;\">MAS<\/span><\/td>\n<td style=\"width: 366px;\"><span style=\"font-size: 10pt;\">\u00d8 500 x 1500 mm, \u00d8 350 \u00fcber Schlitten<\/span><\/td>\n<\/tr>\n<tr>\n<td style=\"width: 181px;\"><span style=\"font-size: 10pt;\">CNC-Drehmaschine<\/span><\/td>\n<td style=\"width: 153px;\"><span style=\"font-size: 10pt;\">Seiger SLZ 850<\/span><\/td>\n<td style=\"width: 366px;\"><span style=\"font-size: 10pt;\">\u00d8 800 x 2000 mm, \u00d8 610 \u00fcber Schlitten<\/span><\/td>\n<\/tr>\n<tr>\n<td style=\"width: 181px;\"><span style=\"font-size: 10pt;\">4-Achsen-BAZ-<\/span><\/td>\n<td style=\"width: 153px;\"><span style=\"font-size: 10pt;\">Maho<\/span><\/td>\n<td style=\"width: 366px;\"><span style=\"font-size: 10pt;\">x800\/y600\/z500, 360\u00b0Rundtisch<\/span><\/td>\n<\/tr>\n<tr>\n<td style=\"width: 181px;\"><span style=\"font-size: 10pt;\">5-Achsen-BAZ-<\/span><\/td>\n<td style=\"width: 153px;\"><span style=\"font-size: 10pt;\">DMC80U<\/span><\/td>\n<td style=\"width: 366px;\"><span style=\"font-size: 10pt;\">x700\/y700\/z600<\/span><\/td>\n<\/tr>\n<tr>\n<td style=\"width: 181px;\"><span style=\"font-size: 10pt;\">5-Achsen-BAZ-<\/span><\/td>\n<td style=\"width: 153px;\"><span style=\"font-size: 10pt;\">DMU80T<\/span><\/td>\n<td style=\"width: 366px;\"><span style=\"font-size: 10pt;\">x800\/y600\/z630<\/span><\/td>\n<\/tr>\n<tr>\n<td style=\"width: 181px;\"><span style=\"font-size: 10pt;\">Rundschleifmaschine<\/span><\/td>\n<td style=\"width: 153px;\"><span style=\"font-size: 10pt;\">WMW Heckert<\/span><\/td>\n<td style=\"width: 366px;\"><span style=\"font-size: 10pt;\">\u00d8 300 x 500 mm<\/span><\/td>\n<\/tr>\n<tr>\n<td style=\"width: 181px;\"><span style=\"font-size: 10pt;\">Honmaschine<\/span><\/td>\n<td style=\"width: 153px;\"><span style=\"font-size: 10pt;\">Robbi<\/span><\/td>\n<td style=\"width: 366px;\"><span style=\"font-size: 10pt;\">\u00d8 60-\u00d8 130, max. Hub 350<\/span><\/td>\n<\/tr>\n<tr>\n<td style=\"width: 181px;\"><\/td>\n<td style=\"width: 153px;\"><\/td>\n<td style=\"width: 366px;\"><\/td>\n<\/tr>\n<tr>\n<td style=\"width: 181px;\"><\/td>\n<td style=\"width: 153px;\"><\/td>\n<td style=\"width: 366px;\"><\/td>\n<\/tr>\n<\/tbody>\n<\/table>\n","protected":false},"excerpt":{"rendered":"<p>\u00a0 Wir fertigen Ihre Bauteile vom Einzelteil bis zur Kleinserie, jeweils nach Kundenwunsch bzw. Kundenzeichnung. \u00a0\u00a0 Nachfolgend finden Sie unsere Maschinenparkaufstellung. CNC-Drehzentrum Biglia Y1200 4 Achsen \u00d8 400 x 1220 mm, mit angetriebenen Werkzeugen CNC-Drehzentrum Biglia B658 \u00d8 400 x 650 mm CNC-Drehmaschine MAS \u00d8 500 x 1500 mm, \u00d8 350 \u00fcber Schlitten CNC-Drehmaschine Seiger &hellip; <\/p>\n<p class=\"link-more\"><a href=\"https:\/\/cnc-bohn.de\/?page_id=7\" class=\"more-link\"><span class=\"screen-reader-text\">\u201eMaschinenpark\u201c<\/span> weiterlesen<\/a><\/p>\n","protected":false},"author":1,"featured_media":0,"parent":0,"menu_order":2,"comment_status":"closed","ping_status":"closed","template":"","meta":{"footnotes":"","_links_to":"","_links_to_target":""},"class_list":["post-7","page","type-page","status-publish","hentry"],"_links":{"self":[{"href":"https:\/\/cnc-bohn.de\/index.php?rest_route=\/wp\/v2\/pages\/7","targetHints":{"allow":["GET"]}}],"collection":[{"href":"https:\/\/cnc-bohn.de\/index.php?rest_route=\/wp\/v2\/pages"}],"about":[{"href":"https:\/\/cnc-bohn.de\/index.php?rest_route=\/wp\/v2\/types\/page"}],"author":[{"embeddable":true,"href":"https:\/\/cnc-bohn.de\/index.php?rest_route=\/wp\/v2\/users\/1"}],"replies":[{"embeddable":true,"href":"https:\/\/cnc-bohn.de\/index.php?rest_route=%2Fwp%2Fv2%2Fcomments&post=7"}],"version-history":[{"count":12,"href":"https:\/\/cnc-bohn.de\/index.php?rest_route=\/wp\/v2\/pages\/7\/revisions"}],"predecessor-version":[{"id":293,"href":"https:\/\/cnc-bohn.de\/index.php?rest_route=\/wp\/v2\/pages\/7\/revisions\/293"}],"wp:attachment":[{"href":"https:\/\/cnc-bohn.de\/index.php?rest_route=%2Fwp%2Fv2%2Fmedia&parent=7"}],"curies":[{"name":"wp","href":"https:\/\/api.w.org\/{rel}","templated":true}]}}